{"id":2275,"date":"2026-02-15T11:19:26","date_gmt":"2026-02-15T11:19:26","guid":{"rendered":"https:\/\/bootcamp.invideogames.org\/politica-de-privadesa-de-bootcamp-invideogames-org"},"modified":"2026-02-17T18:11:46","modified_gmt":"2026-02-17T18:11:46","slug":"politica-de-privadesa-de-bootcamp-invideogames-org","status":"publish","type":"page","link":"https:\/\/bootcamp.invideogames.org\/ca\/politica-de-privadesa-de-bootcamp-invideogames-org","title":{"rendered":"Pol\u00edtica de privadesa de bootcamp.invideogames.org"},"content":{"rendered":"<p>[et_pb_section fb_built=&#8221;1&#8243; custom_padding_last_edited=&#8221;on|tablet&#8221; module_id=&#8221;dirigit&#8221; _builder_version=&#8221;4.27.4&#8243; _module_preset=&#8221;default&#8221; background_color=&#8221;rgba(0,8,10,0.06)&#8221; custom_margin=&#8221;||||false|false&#8221; custom_padding=&#8221;75px||75px||false|false&#8221; custom_padding_tablet=&#8221;50px||50px||false|false&#8221; custom_padding_phone=&#8221;50px||50px||false|false&#8221; global_colors_info=&#8221;{}&#8221; theme_builder_area=&#8221;post_content&#8221;][et_pb_row module_id=&#8221;productos&#8221; _builder_version=&#8221;4.27.5&#8243; _module_preset=&#8221;default&#8221; custom_margin=&#8221;||0px||false|false&#8221; custom_padding=&#8221;100px||0px||false|false&#8221; hover_enabled=&#8221;0&#8243; global_colors_info=&#8221;{}&#8221; theme_builder_area=&#8221;post_content&#8221; sticky_enabled=&#8221;0&#8243;][et_pb_column type=&#8221;4_4&#8243; _builder_version=&#8221;4.27.4&#8243; _module_preset=&#8221;default&#8221; global_colors_info=&#8221;{}&#8221; theme_builder_area=&#8221;post_content&#8221;][et_pb_text _builder_version=&#8221;4.27.5&#8243; _module_preset=&#8221;default&#8221; text_font=&#8221;Oswald|600|||||||&#8221; text_text_color=&#8221;#333333&#8243; text_font_size=&#8221;6vw&#8221; text_letter_spacing=&#8221;-5px&#8221; text_line_height=&#8221;1em&#8221; custom_margin=&#8221;0px||0px||false|false&#8221; custom_padding=&#8221;0px||20px||false|false&#8221; hover_enabled=&#8221;0&#8243; text_font_size_tablet=&#8221;60px&#8221; text_font_size_phone=&#8221;45px&#8221; text_font_size_last_edited=&#8221;on|phone&#8221; text_letter_spacing_tablet=&#8221;-3px&#8221; text_letter_spacing_phone=&#8221;-1px&#8221; text_letter_spacing_last_edited=&#8221;on|desktop&#8221; global_colors_info=&#8221;{}&#8221; theme_builder_area=&#8221;post_content&#8221; sticky_enabled=&#8221;0&#8243;]<\/p>\n<article class=\"text-token-text-primary w-full focus:outline-none scroll-mt-[calc(var(--header-height)+min(200px,max(70px,20svh)))]\" dir=\"auto\" data-turn-id=\"request-WEB:6bd88174-0c14-4b14-a11b-9b8ba51c019e-20\" data-testid=\"conversation-turn-42\" data-scroll-anchor=\"true\" data-turn=\"assistant\" tabindex=\"-1\">\n<div class=\"text-base my-auto mx-auto pb-10 [--thread-content-margin:--spacing(4)] thread-sm:[--thread-content-margin:--spacing(6)] thread-lg:[--thread-content-margin:--spacing(16)] px-(--thread-content-margin)\">\n<div class=\"[--thread-content-max-width:40rem] thread-lg:[--thread-content-max-width:48rem] mx-auto max-w-(--thread-content-max-width) flex-1 group\/turn-messages focus-visible:outline-hidden relative flex w-full min-w-0 flex-col agent-turn\" tabindex=\"-1\">\n<div class=\"flex max-w-full flex-col grow\">\n<div data-message-author-role=\"assistant\" data-message-id=\"0252df5c-8bb1-4844-8419-394b145b9a4d\" dir=\"auto\" class=\"min-h-8 text-message relative flex w-full flex-col items-end gap-2 text-start break-words whitespace-normal [.text-message+&amp;]:mt-5\" data-message-model-slug=\"gpt-5\">\n<div class=\"flex w-full flex-col gap-1 empty:hidden first:pt-[1px]\">\n<div class=\"markdown prose dark:prose-invert w-full break-words dark markdown-new-styling\">\n<p data-start=\"0\" data-end=\"15\" data-is-last-node=\"\" data-is-only-node=\"\" style=\"text-align: center;\">POL\u00cdTICA DE PRIVADESA<\/p>\n<\/div>\n<\/div>\n<\/div>\n<\/div>\n<div class=\"z-0 flex min-h-[46px] justify-start\"><\/div>\n<div class=\"mt-3 w-full empty:hidden\">\n<div class=\"text-center\"><\/div>\n<\/div>\n<\/div>\n<\/div>\n<\/article>\n<div aria-hidden=\"true\" data-edge=\"true\" class=\"pointer-events-none h-px w-px\"><\/div>\n<p>[\/et_pb_text][\/et_pb_column][\/et_pb_row][et_pb_row _builder_version=&#8221;4.27.5&#8243; _module_preset=&#8221;default&#8221; theme_builder_area=&#8221;post_content&#8221;][et_pb_column _builder_version=&#8221;4.27.5&#8243; _module_preset=&#8221;default&#8221; type=&#8221;4_4&#8243; theme_builder_area=&#8221;post_content&#8221;][et_pb_text _builder_version=&#8221;4.27.5&#8243; _module_preset=&#8221;default&#8221; theme_builder_area=&#8221;post_content&#8221; hover_enabled=&#8221;0&#8243; sticky_enabled=&#8221;0&#8243;]<\/p>\n<p>Benvingut a la pol\u00edtica de privadesa de bootcamp.invideogames.org. Aquesta pol\u00edtica t&#8217;ajudar\u00e0 a entendre quines dades recollim, per qu\u00e8 les recollim i quins drets tens al respecte. <\/p>\n<p><em>\u00daltima revisi\u00f3: 15 de febrer de 2026<\/em>.<\/p>\n<p><strong>Titular i responsable del tractament<\/strong><\/p>\n<p>Greenworld Solutions SL, Antoni Bros 128, 08225, Terrassa, Barcelona. Espanya. Correu electr\u00f2nic:  <span> <\/span><a href=\"mailto:frank@delaguila.games\">frank@delaguila.games<\/a>.<\/p>\n<p><strong>Dades que recollim<\/strong><\/p>\n<p>Recollim dades de dues maneres. D&#8217;una banda, dades que es recullen autom\u00e0ticament quan visites el nostre web, com ara respostes a preguntes, contingut de l&#8217;usuari, contingut de missatges o correus electr\u00f2nics i la data del missatge. De l&#8217;altra, dades que ens proporciones directament, com ara el nom, els cognoms, el n\u00famero de tel\u00e8fon i l&#8217;adre\u00e7a de correu electr\u00f2nic.  <\/p>\n<p>Llevat que s&#8217;indiqui el contrari, totes les dades sol\u00b7licitades s\u00f3n obligat\u00f2ries per poder prestar el servei. Els usuaris que tinguin dubtes sobre quines dades s\u00f3n obligat\u00f2ries poden contactar amb el Titular. <\/p>\n<p><strong>Tercers que ens ajuden a tractar les dades<\/strong><\/p>\n<p>Treballem amb els seg\u00fcents prove\u00efdors externs: Google LLC (Google Fonts), Meta Platforms Inc. (WhatsApp Business Chat Widget, tractament als EUA) i Tally BV (formularis, tractament a B\u00e8lgica). <\/p>\n<p><strong>Finalitat del tractament<\/strong><\/p>\n<p>Les dades es recullen per prestar el servei, complir obligacions legals, respondre a sol\u00b7licituds d&#8217;execuci\u00f3, protegir els drets i interessos del Titular i detectar activitats malicioses o fraudulentes. Les finalitats concretes s\u00f3n: interacci\u00f3 amb plataformes de xat en viu, visualitzaci\u00f3 de continguts de plataformes externes i interacci\u00f3 amb plataformes de recollida de dades. <\/p>\n<p><strong>Conservaci\u00f3 de les dades<\/strong><\/p>\n<p>Les dades es conservaran durant el temps necessari per a la finalitat per la qual van ser recollides. Les dades recollides per a la formalitzaci\u00f3 d&#8217;un contracte es conservaran fins que aquest contracte es completi. Un cop transcorregut el per\u00edode de conservaci\u00f3, les dades s&#8217;eliminaran.  <\/p>\n<p><strong>Drets dels usuaris (RGPD)<\/strong><\/p>\n<p>D&#8217;acord amb el Reglament General de Protecci\u00f3 de Dades, tens dret a retirar el teu consentiment en qualsevol moment, oposar-te al tractament de les teves dades, accedir a les teves dades, sol\u00b7licitar-ne la rectificaci\u00f3, limitar-ne el tractament, sol\u00b7licitar-ne l&#8217;eliminaci\u00f3, rebre les teves dades en format portable i presentar una reclamaci\u00f3 davant l&#8217;autoritat competent.<\/p>\n<p>Per exercir qualsevol d&#8217;aquests drets, pots contactar amb nosaltres a<span> <\/span><a href=\"mailto:frank@delaguila.games\">frank@delaguila.games<\/a>. Et respondrem en un termini m\u00e0xim d&#8217;un mes de forma gratu\u00efta. <\/p>\n<p><strong>Galetes i rastrejadors<\/strong><\/p>\n<p>Aquest web utilitza galetes i altres tecnologies de rastreig. Per a m\u00e9s informaci\u00f3, consulta la nostra Pol\u00edtica de galetes.<\/p>\n<p><strong>Base jur\u00eddica del tractament<\/strong><\/p>\n<p>El tractament de les teves dades es realitza sota alguna de les seg\u00fcents bases jur\u00eddiques: consentiment de l&#8217;usuari, necessitat contractual, obligaci\u00f3 legal, inter\u00e8s p\u00fablic o inter\u00e8s leg\u00edtim del Titular.<\/p>\n<p><strong>Seguretat<\/strong><\/p>\n<p>El Titular adopta les mesures de seguretat apropiades per impedir l&#8217;acc\u00e9s, la revelaci\u00f3, l&#8217;alteraci\u00f3 o la destrucci\u00f3 no autoritzats de les dades. El tractament es realitza mitjan\u00e7ant sistemes inform\u00e0tics seguint procediments organitzatius estrictament relacionats amb les finalitats indicades.<\/p>\n<p><strong>Modificacions<\/strong><\/p>\n<p>El Titular es reserva el dret de modificar aquesta pol\u00edtica en qualsevol moment, notificant-ho en aquesta mateixa p\u00e0gina. Es recomana revisar-la peri\u00f2dicament.<\/p>\n<p><strong>Informaci\u00f3 legal<\/strong><\/p>\n<p>Aquesta pol\u00edtica de privadesa es refereix \u00fanicament a bootcamp.invideogames.org. Per a qualsevol consulta addicional, pots contactar amb nosaltres a<span> <\/span><a href=\"mailto:frank@delaguila.games\">frank@delaguila.games<\/a>.<\/p>\n<p>[\/et_pb_text][\/et_pb_column][\/et_pb_row][\/et_pb_section]<\/p>\n","protected":false},"excerpt":{"rendered":"<p>POL\u00cdTICA DE PRIVADESA Benvingut a la pol\u00edtica de privadesa de bootcamp.invideogames.org. Aquesta pol\u00edtica t&#8217;ajudar\u00e0 a entendre quines dades recollim, per qu\u00e8 les recollim i quins drets tens al respecte. \u00daltima revisi\u00f3: 15 de febrer de 2026. Titular i responsable del tractament Greenworld Solutions SL, Antoni Bros 128, 08225, Terrassa, Barcelona. Espanya. Correu electr\u00f2nic: frank@delaguila.games. Dades [&hellip;]<\/p>\n","protected":false},"author":1,"featured_media":0,"parent":0,"menu_order":0,"comment_status":"closed","ping_status":"closed","template":"","meta":{"_et_pb_use_builder":"on","_et_pb_old_content":"","_et_gb_content_width":"","footnotes":""},"class_list":["post-2275","page","type-page","status-publish","hentry"],"_links":{"self":[{"href":"https:\/\/bootcamp.invideogames.org\/ca\/wp-json\/wp\/v2\/pages\/2275","targetHints":{"allow":["GET"]}}],"collection":[{"href":"https:\/\/bootcamp.invideogames.org\/ca\/wp-json\/wp\/v2\/pages"}],"about":[{"href":"https:\/\/bootcamp.invideogames.org\/ca\/wp-json\/wp\/v2\/types\/page"}],"author":[{"embeddable":true,"href":"https:\/\/bootcamp.invideogames.org\/ca\/wp-json\/wp\/v2\/users\/1"}],"replies":[{"embeddable":true,"href":"https:\/\/bootcamp.invideogames.org\/ca\/wp-json\/wp\/v2\/comments?post=2275"}],"version-history":[{"count":2,"href":"https:\/\/bootcamp.invideogames.org\/ca\/wp-json\/wp\/v2\/pages\/2275\/revisions"}],"predecessor-version":[{"id":2277,"href":"https:\/\/bootcamp.invideogames.org\/ca\/wp-json\/wp\/v2\/pages\/2275\/revisions\/2277"}],"wp:attachment":[{"href":"https:\/\/bootcamp.invideogames.org\/ca\/wp-json\/wp\/v2\/media?parent=2275"}],"curies":[{"name":"wp","href":"https:\/\/api.w.org\/{rel}","templated":true}]}}